{"id":1007,"date":"2022-01-11T03:43:34","date_gmt":"2022-01-11T03:43:34","guid":{"rendered":"https:\/\/complejoairesdelmar.com.ar\/wp\/nuestrocomplejo-copy\/"},"modified":"2022-01-11T03:51:06","modified_gmt":"2022-01-11T03:51:06","slug":"datosutiles","status":"publish","type":"page","link":"https:\/\/complejoairesdelmar.com.ar\/en\/datosutiles\/","title":{"rendered":"Datos \u00fatiles"},"content":{"rendered":"<div data-elementor-type=\"wp-page\" data-elementor-id=\"1007\" class=\"elementor elementor-1007\">\n\t\t\t\t\t\t<section class=\"elementor-section elementor-top-section elementor-element elementor-element-b949b44 elementor-section-boxed elementor-section-height-default elementor-section-height-default\" data-id=\"b949b44\" data-element_type=\"section\" data-e-type=\"section\" data-settings=\"{&quot;background_background&quot;:&quot;classic&quot;}\">\n\t\t\t\t\t\t\t<div class=\"elementor-background-overlay\"><\/div>\n\t\t\t\t\t\t\t<div class=\"elementor-container elementor-column-gap-default\">\n\t\t\t\t\t<div class=\"elementor-column elementor-col-100 elementor-top-column elementor-element elementor-element-8ce5b6f\" data-id=\"8ce5b6f\" data-element_type=\"column\" data-e-type=\"column\">\n\t\t\t<div class=\"elementor-widget-wrap elementor-element-populated\">\n\t\t\t\t\t\t<div class=\"elementor-element elementor-element-35034fe elementor-widget elementor-widget-heading\" data-id=\"35034fe\" data-element_type=\"widget\" data-e-type=\"widget\" data-widget_type=\"heading.default\">\n\t\t\t\t<div class=\"elementor-widget-container\">\n\t\t\t\t\t<h3 class=\"elementor-heading-title elementor-size-default\">DATOS \u00daTILES<\/h3>\t\t\t\t<\/div>\n\t\t\t\t<\/div>\n\t\t\t\t<div class=\"elementor-element elementor-element-7fa6ab9 elementor-widget elementor-widget-text-editor\" data-id=\"7fa6ab9\" data-element_type=\"widget\" data-e-type=\"widget\" data-widget_type=\"text-editor.default\">\n\t\t\t\t<div class=\"elementor-widget-container\">\n\t\t\t\t\t\t\t\t\t<p>Distancias a Puerto Madryn.<\/p>\t\t\t\t\t\t\t\t<\/div>\n\t\t\t\t<\/div>\n\t\t\t\t<div class=\"elementor-element elementor-element-e9e79ee elementor-widget elementor-widget-image\" data-id=\"e9e79ee\" data-element_type=\"widget\" data-e-type=\"widget\" data-widget_type=\"image.default\">\n\t\t\t\t<div class=\"elementor-widget-container\">\n\t\t\t\t\t\t\t\t\t\t\t\t\t\t\t<img decoding=\"async\" width=\"141\" height=\"14\" src=\"https:\/\/complejoairesdelmar.com.ar\/wp-content\/uploads\/2022\/01\/ola_Mesa-de-trabajo-1.png\" class=\"attachment-large size-large wp-image-773\" alt=\"\" \/>\t\t\t\t\t\t\t\t\t\t\t\t\t\t\t<\/div>\n\t\t\t\t<\/div>\n\t\t\t\t\t<\/div>\n\t\t<\/div>\n\t\t\t\t\t<\/div>\n\t\t<\/section>\n\t\t\t\t<section class=\"elementor-section elementor-top-section elementor-element elementor-element-bc69127 elementor-section-boxed elementor-section-height-default elementor-section-height-default\" data-id=\"bc69127\" data-element_type=\"section\" data-e-type=\"section\" data-settings=\"{&quot;background_background&quot;:&quot;classic&quot;}\">\n\t\t\t\t\t\t<div class=\"elementor-container elementor-column-gap-default\">\n\t\t\t\t\t<div class=\"elementor-column elementor-col-50 elementor-top-column elementor-element elementor-element-16fce31\" data-id=\"16fce31\" data-element_type=\"column\" data-e-type=\"column\">\n\t\t\t<div class=\"elementor-widget-wrap elementor-element-populated\">\n\t\t\t\t\t\t<div class=\"elementor-element elementor-element-86d6865 elementor-widget elementor-widget-heading\" data-id=\"86d6865\" data-element_type=\"widget\" data-e-type=\"widget\" data-widget_type=\"heading.default\">\n\t\t\t\t<div class=\"elementor-widget-container\">\n\t\t\t\t\t<h3 class=\"elementor-heading-title elementor-size-default\">DISTANCIAS<\/h3>\t\t\t\t<\/div>\n\t\t\t\t<\/div>\n\t\t\t\t\t<\/div>\n\t\t<\/div>\n\t\t\t\t<div class=\"elementor-column elementor-col-50 elementor-top-column elementor-element elementor-element-0afcc74\" data-id=\"0afcc74\" data-element_type=\"column\" data-e-type=\"column\">\n\t\t\t<div class=\"elementor-widget-wrap elementor-element-populated\">\n\t\t\t\t\t\t<div class=\"elementor-element elementor-element-6f1a8c2 elementor-widget elementor-widget-heading\" data-id=\"6f1a8c2\" data-element_type=\"widget\" data-e-type=\"widget\" data-widget_type=\"heading.default\">\n\t\t\t\t<div class=\"elementor-widget-container\">\n\t\t\t\t\t<h3 class=\"elementor-heading-title elementor-size-default\">KM.<\/h3>\t\t\t\t<\/div>\n\t\t\t\t<\/div>\n\t\t\t\t\t<\/div>\n\t\t<\/div>\n\t\t\t\t\t<\/div>\n\t\t<\/section>\n\t\t\t\t<section class=\"elementor-section elementor-top-section elementor-element elementor-element-fd929e4 elementor-section-boxed elementor-section-height-default elementor-section-height-default\" data-id=\"fd929e4\" data-element_type=\"section\" data-e-type=\"section\" data-settings=\"{&quot;background_background&quot;:&quot;classic&quot;}\">\n\t\t\t\t\t\t<div class=\"elementor-container elementor-column-gap-default\">\n\t\t\t\t\t<div class=\"elementor-column elementor-col-50 elementor-top-column elementor-element elementor-element-b1aa541\" data-id=\"b1aa541\" data-element_type=\"column\" data-e-type=\"column\">\n\t\t\t<div class=\"elementor-widget-wrap elementor-element-populated\">\n\t\t\t\t\t\t<div class=\"elementor-element elementor-element-2bfd225 elementor-widget elementor-widget-text-editor\" data-id=\"2bfd225\" data-element_type=\"widget\" data-e-type=\"widget\" data-widget_type=\"text-editor.default\">\n\t\t\t\t<div class=\"elementor-widget-container\">\n\t\t\t\t\t\t\t\t\t<p><span style=\"vertical-align: inherit;\">Cataratas del Iguaz\u00fa <\/span><br \/><span style=\"vertical-align: inherit;\">SALTA <\/span><br \/><span style=\"vertical-align: inherit;\">MENDOZA <\/span><br \/><span style=\"vertical-align: inherit;\">CAPITAL FEDERAL <\/span><br \/><span style=\"vertical-align: inherit;\">MAR DEL PLATA <\/span><br \/><span style=\"vertical-align: inherit;\">ROSARIO <\/span><br \/><span style=\"vertical-align: inherit;\">C\u00d3RDOBA <\/span><br \/><span style=\"vertical-align: inherit;\">BAH\u00cdA BLANCA <\/span><br \/><span style=\"vertical-align: inherit;\">SAN CARLOS DE BARILOCHE <\/span><br \/><span style=\"vertical-align: inherit;\">NEUQU\u00c9N <\/span><br \/><span style=\"vertical-align: inherit;\">ESQUEL <\/span><br \/><span style=\"vertical-align: inherit;\">COMODORO RIVADAVIA <\/span><br \/><span style=\"vertical-align: inherit;\">R\u00edo Gallegos <\/span><br \/><span style=\"vertical-align: inherit;\">EL CALAFATE \/ GLACIAR P.MORENO <\/span><br \/><span style=\"vertical-align: inherit;\">Ushuaia <\/span><br \/><span style=\"vertical-align: inherit;\">PUNTA ARENAS (CHILE) <\/span><br \/><span style=\"vertical-align: inherit;\">COYHAIQUE (CHILE)<\/span><\/p>\t\t\t\t\t\t\t\t<\/div>\n\t\t\t\t<\/div>\n\t\t\t\t\t<\/div>\n\t\t<\/div>\n\t\t\t\t<div class=\"elementor-column elementor-col-50 elementor-top-column elementor-element elementor-element-85d0379\" data-id=\"85d0379\" data-element_type=\"column\" data-e-type=\"column\">\n\t\t\t<div class=\"elementor-widget-wrap elementor-element-populated\">\n\t\t\t\t\t\t<div class=\"elementor-element elementor-element-b53e1bb elementor-widget elementor-widget-text-editor\" data-id=\"b53e1bb\" data-element_type=\"widget\" data-e-type=\"widget\" data-widget_type=\"text-editor.default\">\n\t\t\t\t<div class=\"elementor-widget-container\">\n\t\t\t\t\t\t\t\t\t<p><span style=\"vertical-align: inherit;\">2656 <\/span><br \/><span style=\"vertical-align: inherit;\">2392 <\/span><br \/><span style=\"vertical-align: inherit;\">1600 <\/span><br \/><span style=\"vertical-align: inherit;\">1470 <\/span><br \/><span style=\"vertical-align: inherit;\">1150 <\/span><br \/><span style=\"vertical-align: inherit;\">1536 <\/span><br \/><span style=\"vertical-align: inherit;\">1454 <\/span><br \/><span style=\"vertical-align: inherit;\">693 <\/span><br \/><span style=\"vertical-align: inherit;\">966 <\/span><br \/><span style=\"vertical-align: inherit;\">731 <\/span><br \/><span style=\"vertical-align: inherit;\">644 <\/span><br \/><span style=\"vertical-align: inherit;\">429 <\/span><br \/><span style=\"vertical-align: inherit;\">1420 <\/span><br \/><span style=\"vertical-align: inherit;\">1486 <\/span><br \/><span style=\"vertical-align: inherit;\">1797 <\/span><br \/><span style=\"vertical-align: inherit;\">1729 <\/span><br \/><span style=\"vertical-align: inherit;\">929<\/span><\/p>\t\t\t\t\t\t\t\t<\/div>\n\t\t\t\t<\/div>\n\t\t\t\t\t<\/div>\n\t\t<\/div>\n\t\t\t\t\t<\/div>\n\t\t<\/section>\n\t\t\t\t<section class=\"elementor-section elementor-top-section elementor-element elementor-element-0aa4da3 elementor-section-content-middle elementor-section-boxed elementor-section-height-default elementor-section-height-default\" data-id=\"0aa4da3\" data-element_type=\"section\" data-e-type=\"section\" data-settings=\"{&quot;background_background&quot;:&quot;classic&quot;}\">\n\t\t\t\t\t\t<div class=\"elementor-container elementor-column-gap-default\">\n\t\t\t\t\t<div class=\"elementor-column elementor-col-50 elementor-top-column elementor-element elementor-element-921a9f1\" data-id=\"921a9f1\" data-element_type=\"column\" data-e-type=\"column\">\n\t\t\t<div class=\"elementor-widget-wrap elementor-element-populated\">\n\t\t\t\t\t\t<div class=\"elementor-element elementor-element-ae73b86 elementor-widget elementor-widget-heading\" data-id=\"ae73b86\" data-element_type=\"widget\" data-e-type=\"widget\" data-widget_type=\"heading.default\">\n\t\t\t\t<div class=\"elementor-widget-container\">\n\t\t\t\t\t<h3 class=\"elementor-heading-title elementor-size-default\">CALENDARIO\nFAUNA<\/h3>\t\t\t\t<\/div>\n\t\t\t\t<\/div>\n\t\t\t\t<div class=\"elementor-element elementor-element-bcb4710 elementor-widget elementor-widget-text-editor\" data-id=\"bcb4710\" data-element_type=\"widget\" data-e-type=\"widget\" data-widget_type=\"text-editor.default\">\n\t\t\t\t<div class=\"elementor-widget-container\">\n\t\t\t\t\t\t\t\t\t<p>Conozca nuestra fauna durante<br \/>todo el a\u00f1o.<\/p>\t\t\t\t\t\t\t\t<\/div>\n\t\t\t\t<\/div>\n\t\t\t\t<div class=\"elementor-element elementor-element-deeb5cb elementor-widget elementor-widget-image\" data-id=\"deeb5cb\" data-element_type=\"widget\" data-e-type=\"widget\" data-widget_type=\"image.default\">\n\t\t\t\t<div class=\"elementor-widget-container\">\n\t\t\t\t\t\t\t\t\t\t\t\t\t\t\t<img fetchpriority=\"high\" decoding=\"async\" width=\"300\" height=\"235\" src=\"https:\/\/complejoairesdelmar.com.ar\/wp-content\/uploads\/2022\/01\/Fauna_Mesa-de-trabajo-1-300x235.png\" class=\"attachment-medium size-medium wp-image-889\" alt=\"\" srcset=\"https:\/\/complejoairesdelmar.com.ar\/wp-content\/uploads\/2022\/01\/Fauna_Mesa-de-trabajo-1-300x235.png 300w, https:\/\/complejoairesdelmar.com.ar\/wp-content\/uploads\/2022\/01\/Fauna_Mesa-de-trabajo-1-230x180.png 230w, https:\/\/complejoairesdelmar.com.ar\/wp-content\/uploads\/2022\/01\/Fauna_Mesa-de-trabajo-1-350x275.png 350w, https:\/\/complejoairesdelmar.com.ar\/wp-content\/uploads\/2022\/01\/Fauna_Mesa-de-trabajo-1-480x376.png 480w, https:\/\/complejoairesdelmar.com.ar\/wp-content\/uploads\/2022\/01\/Fauna_Mesa-de-trabajo-1.png 700w\" sizes=\"(max-width: 300px) 100vw, 300px\" \/>\t\t\t\t\t\t\t\t\t\t\t\t\t\t\t<\/div>\n\t\t\t\t<\/div>\n\t\t\t\t\t<\/div>\n\t\t<\/div>\n\t\t\t\t<div class=\"elementor-column elementor-col-50 elementor-top-column elementor-element elementor-element-096d1cd\" data-id=\"096d1cd\" data-element_type=\"column\" data-e-type=\"column\" data-settings=\"{&quot;background_background&quot;:&quot;classic&quot;}\">\n\t\t\t<div class=\"elementor-widget-wrap elementor-element-populated\">\n\t\t\t\t\t\t<div class=\"elementor-element elementor-element-b81d84d stretch-left elementor-widget elementor-widget-image\" data-id=\"b81d84d\" data-element_type=\"widget\" data-e-type=\"widget\" data-widget_type=\"image.default\">\n\t\t\t\t<div class=\"elementor-widget-container\">\n\t\t\t\t\t\t\t\t\t\t\t\t\t\t\t<img decoding=\"async\" width=\"800\" height=\"588\" src=\"https:\/\/complejoairesdelmar.com.ar\/wp-content\/uploads\/2022\/01\/Cuadro-fauna_Mesa-de-trabajo-1.png\" class=\"attachment-large size-large wp-image-893\" alt=\"\" srcset=\"https:\/\/complejoairesdelmar.com.ar\/wp-content\/uploads\/2022\/01\/Cuadro-fauna_Mesa-de-trabajo-1.png 800w, https:\/\/complejoairesdelmar.com.ar\/wp-content\/uploads\/2022\/01\/Cuadro-fauna_Mesa-de-trabajo-1-300x221.png 300w, https:\/\/complejoairesdelmar.com.ar\/wp-content\/uploads\/2022\/01\/Cuadro-fauna_Mesa-de-trabajo-1-768x564.png 768w, https:\/\/complejoairesdelmar.com.ar\/wp-content\/uploads\/2022\/01\/Cuadro-fauna_Mesa-de-trabajo-1-230x169.png 230w, https:\/\/complejoairesdelmar.com.ar\/wp-content\/uploads\/2022\/01\/Cuadro-fauna_Mesa-de-trabajo-1-350x257.png 350w, https:\/\/complejoairesdelmar.com.ar\/wp-content\/uploads\/2022\/01\/Cuadro-fauna_Mesa-de-trabajo-1-480x353.png 480w\" sizes=\"(max-width: 800px) 100vw, 800px\" \/>\t\t\t\t\t\t\t\t\t\t\t\t\t\t\t<\/div>\n\t\t\t\t<\/div>\n\t\t\t\t\t<\/div>\n\t\t<\/div>\n\t\t\t\t\t<\/div>\n\t\t<\/section>\n\t\t\t\t<\/div>","protected":false},"excerpt":{"rendered":"<p>DATOS \u00daTILES Distancias a Puerto Madryn. DISTANCIAS KM. Cataratas del Iguaz\u00fa SALTA MENDOZA CAPITAL FEDERAL MAR DEL PLATA ROSARIO C\u00d3RDOBA BAH\u00cdA BLANCA SAN CARLOS DE [&hellip;]<\/p>\n","protected":false},"author":1,"featured_media":0,"parent":0,"menu_order":0,"comment_status":"closed","ping_status":"closed","template":"page-templates\/page_front-page.php","meta":{"footnotes":""},"class_list":["post-1007","page","type-page","status-publish","hentry"],"yoast_head":"<!-- This site is optimized with the Yoast SEO plugin v27.5 - https:\/\/yoast.com\/product\/yoast-seo-wordpress\/ -->\n<title>Datos \u00fatiles - Complejo Aires de Mar<\/title>\n<meta name=\"robots\" content=\"index, follow, max-snippet:-1, max-image-preview:large, max-video-preview:-1\" \/>\n<link rel=\"canonical\" href=\"https:\/\/complejoairesdelmar.com.ar\/en\/datosutiles\/\" \/>\n<meta property=\"og:locale\" content=\"en_US\" \/>\n<meta property=\"og:type\" content=\"article\" \/>\n<meta property=\"og:title\" content=\"Datos \u00fatiles - Complejo Aires de Mar\" \/>\n<meta property=\"og:description\" content=\"DATOS \u00daTILES Distancias a Puerto Madryn. DISTANCIAS KM. Cataratas del Iguaz\u00fa SALTA MENDOZA CAPITAL FEDERAL MAR DEL PLATA ROSARIO C\u00d3RDOBA BAH\u00cdA BLANCA SAN CARLOS DE [&hellip;]\" \/>\n<meta property=\"og:url\" content=\"https:\/\/complejoairesdelmar.com.ar\/en\/datosutiles\/\" \/>\n<meta property=\"og:site_name\" content=\"Complejo Aires de Mar\" \/>\n<meta property=\"article:publisher\" content=\"https:\/\/www.facebook.com\/AiresdelMar\" \/>\n<meta property=\"article:modified_time\" content=\"2022-01-11T03:51:06+00:00\" \/>\n<meta property=\"og:image\" content=\"https:\/\/complejoairesdelmar.com.ar\/wp\/wp-content\/uploads\/2022\/01\/ola_Mesa-de-trabajo-1.png\" \/>\n<meta name=\"twitter:card\" content=\"summary_large_image\" \/>\n<script type=\"application\/ld+json\" class=\"yoast-schema-graph\">{\"@context\":\"https:\\\/\\\/schema.org\",\"@graph\":[{\"@type\":\"WebPage\",\"@id\":\"https:\\\/\\\/complejoairesdelmar.com.ar\\\/datosutiles\\\/\",\"url\":\"https:\\\/\\\/complejoairesdelmar.com.ar\\\/datosutiles\\\/\",\"name\":\"Datos \u00fatiles - Complejo Aires de Mar\",\"isPartOf\":{\"@id\":\"https:\\\/\\\/complejoairesdelmar.com.ar\\\/#website\"},\"primaryImageOfPage\":{\"@id\":\"https:\\\/\\\/complejoairesdelmar.com.ar\\\/datosutiles\\\/#primaryimage\"},\"image\":{\"@id\":\"https:\\\/\\\/complejoairesdelmar.com.ar\\\/datosutiles\\\/#primaryimage\"},\"thumbnailUrl\":\"https:\\\/\\\/complejoairesdelmar.com.ar\\\/wp\\\/wp-content\\\/uploads\\\/2022\\\/01\\\/ola_Mesa-de-trabajo-1.png\",\"datePublished\":\"2022-01-11T03:43:34+00:00\",\"dateModified\":\"2022-01-11T03:51:06+00:00\",\"breadcrumb\":{\"@id\":\"https:\\\/\\\/complejoairesdelmar.com.ar\\\/datosutiles\\\/#breadcrumb\"},\"inLanguage\":\"en-US\",\"potentialAction\":[{\"@type\":\"ReadAction\",\"target\":[\"https:\\\/\\\/complejoairesdelmar.com.ar\\\/datosutiles\\\/\"]}]},{\"@type\":\"ImageObject\",\"inLanguage\":\"en-US\",\"@id\":\"https:\\\/\\\/complejoairesdelmar.com.ar\\\/datosutiles\\\/#primaryimage\",\"url\":\"https:\\\/\\\/complejoairesdelmar.com.ar\\\/wp\\\/wp-content\\\/uploads\\\/2022\\\/01\\\/ola_Mesa-de-trabajo-1.png\",\"contentUrl\":\"https:\\\/\\\/complejoairesdelmar.com.ar\\\/wp\\\/wp-content\\\/uploads\\\/2022\\\/01\\\/ola_Mesa-de-trabajo-1.png\"},{\"@type\":\"BreadcrumbList\",\"@id\":\"https:\\\/\\\/complejoairesdelmar.com.ar\\\/datosutiles\\\/#breadcrumb\",\"itemListElement\":[{\"@type\":\"ListItem\",\"position\":1,\"name\":\"Portada\",\"item\":\"https:\\\/\\\/complejoairesdelmar.com.ar\\\/\"},{\"@type\":\"ListItem\",\"position\":2,\"name\":\"Datos \u00fatiles\"}]},{\"@type\":\"WebSite\",\"@id\":\"https:\\\/\\\/complejoairesdelmar.com.ar\\\/#website\",\"url\":\"https:\\\/\\\/complejoairesdelmar.com.ar\\\/\",\"name\":\"Complejo Aires de Mar\",\"description\":\"Complejo Aires del Mar - Alquiler Temporario Puerto Madryn - Chubut - Patagonia Argentina\",\"publisher\":{\"@id\":\"https:\\\/\\\/complejoairesdelmar.com.ar\\\/#organization\"},\"potentialAction\":[{\"@type\":\"SearchAction\",\"target\":{\"@type\":\"EntryPoint\",\"urlTemplate\":\"https:\\\/\\\/complejoairesdelmar.com.ar\\\/?s={search_term_string}\"},\"query-input\":{\"@type\":\"PropertyValueSpecification\",\"valueRequired\":true,\"valueName\":\"search_term_string\"}}],\"inLanguage\":\"en-US\"},{\"@type\":\"Organization\",\"@id\":\"https:\\\/\\\/complejoairesdelmar.com.ar\\\/#organization\",\"name\":\"Complejo Aires del Mar - Alquiler Temporario Puerto Madryn - Chubut - Patagonia Argentina\",\"url\":\"https:\\\/\\\/complejoairesdelmar.com.ar\\\/\",\"logo\":{\"@type\":\"ImageObject\",\"inLanguage\":\"en-US\",\"@id\":\"https:\\\/\\\/complejoairesdelmar.com.ar\\\/#\\\/schema\\\/logo\\\/image\\\/\",\"url\":\"https:\\\/\\\/complejoairesdelmar.com.ar\\\/wp\\\/wp-content\\\/uploads\\\/2022\\\/01\\\/Logo-Aires-de-Mar_Mesa-de-trabajo-1-1.png\",\"contentUrl\":\"https:\\\/\\\/complejoairesdelmar.com.ar\\\/wp\\\/wp-content\\\/uploads\\\/2022\\\/01\\\/Logo-Aires-de-Mar_Mesa-de-trabajo-1-1.png\",\"width\":512,\"height\":201,\"caption\":\"Complejo Aires del Mar - Alquiler Temporario Puerto Madryn - Chubut - Patagonia Argentina\"},\"image\":{\"@id\":\"https:\\\/\\\/complejoairesdelmar.com.ar\\\/#\\\/schema\\\/logo\\\/image\\\/\"},\"sameAs\":[\"https:\\\/\\\/www.facebook.com\\\/AiresdelMar\"]}]}<\/script>\n<!-- \/ Yoast SEO plugin. -->","yoast_head_json":{"title":"Datos \u00fatiles - Complejo Aires de Mar","robots":{"index":"index","follow":"follow","max-snippet":"max-snippet:-1","max-image-preview":"max-image-preview:large","max-video-preview":"max-video-preview:-1"},"canonical":"https:\/\/complejoairesdelmar.com.ar\/en\/datosutiles\/","og_locale":"en_US","og_type":"article","og_title":"Datos \u00fatiles - Complejo Aires de Mar","og_description":"DATOS \u00daTILES Distancias a Puerto Madryn. DISTANCIAS KM. Cataratas del Iguaz\u00fa SALTA MENDOZA CAPITAL FEDERAL MAR DEL PLATA ROSARIO C\u00d3RDOBA BAH\u00cdA BLANCA SAN CARLOS DE [&hellip;]","og_url":"https:\/\/complejoairesdelmar.com.ar\/en\/datosutiles\/","og_site_name":"Complejo Aires de Mar","article_publisher":"https:\/\/www.facebook.com\/AiresdelMar","article_modified_time":"2022-01-11T03:51:06+00:00","og_image":[{"url":"https:\/\/complejoairesdelmar.com.ar\/wp\/wp-content\/uploads\/2022\/01\/ola_Mesa-de-trabajo-1.png","type":"","width":"","height":""}],"twitter_card":"summary_large_image","schema":{"@context":"https:\/\/schema.org","@graph":[{"@type":"WebPage","@id":"https:\/\/complejoairesdelmar.com.ar\/datosutiles\/","url":"https:\/\/complejoairesdelmar.com.ar\/datosutiles\/","name":"Datos \u00fatiles - Complejo Aires de Mar","isPartOf":{"@id":"https:\/\/complejoairesdelmar.com.ar\/#website"},"primaryImageOfPage":{"@id":"https:\/\/complejoairesdelmar.com.ar\/datosutiles\/#primaryimage"},"image":{"@id":"https:\/\/complejoairesdelmar.com.ar\/datosutiles\/#primaryimage"},"thumbnailUrl":"https:\/\/complejoairesdelmar.com.ar\/wp\/wp-content\/uploads\/2022\/01\/ola_Mesa-de-trabajo-1.png","datePublished":"2022-01-11T03:43:34+00:00","dateModified":"2022-01-11T03:51:06+00:00","breadcrumb":{"@id":"https:\/\/complejoairesdelmar.com.ar\/datosutiles\/#breadcrumb"},"inLanguage":"en-US","potentialAction":[{"@type":"ReadAction","target":["https:\/\/complejoairesdelmar.com.ar\/datosutiles\/"]}]},{"@type":"ImageObject","inLanguage":"en-US","@id":"https:\/\/complejoairesdelmar.com.ar\/datosutiles\/#primaryimage","url":"https:\/\/complejoairesdelmar.com.ar\/wp\/wp-content\/uploads\/2022\/01\/ola_Mesa-de-trabajo-1.png","contentUrl":"https:\/\/complejoairesdelmar.com.ar\/wp\/wp-content\/uploads\/2022\/01\/ola_Mesa-de-trabajo-1.png"},{"@type":"BreadcrumbList","@id":"https:\/\/complejoairesdelmar.com.ar\/datosutiles\/#breadcrumb","itemListElement":[{"@type":"ListItem","position":1,"name":"Portada","item":"https:\/\/complejoairesdelmar.com.ar\/"},{"@type":"ListItem","position":2,"name":"Datos \u00fatiles"}]},{"@type":"WebSite","@id":"https:\/\/complejoairesdelmar.com.ar\/#website","url":"https:\/\/complejoairesdelmar.com.ar\/","name":"Complejo Aires de Mar","description":"Complejo Aires del Mar - Alquiler Temporario Puerto Madryn - Chubut - Patagonia Argentina","publisher":{"@id":"https:\/\/complejoairesdelmar.com.ar\/#organization"},"potentialAction":[{"@type":"SearchAction","target":{"@type":"EntryPoint","urlTemplate":"https:\/\/complejoairesdelmar.com.ar\/?s={search_term_string}"},"query-input":{"@type":"PropertyValueSpecification","valueRequired":true,"valueName":"search_term_string"}}],"inLanguage":"en-US"},{"@type":"Organization","@id":"https:\/\/complejoairesdelmar.com.ar\/#organization","name":"Complejo Aires del Mar - Alquiler Temporario Puerto Madryn - Chubut - Patagonia Argentina","url":"https:\/\/complejoairesdelmar.com.ar\/","logo":{"@type":"ImageObject","inLanguage":"en-US","@id":"https:\/\/complejoairesdelmar.com.ar\/#\/schema\/logo\/image\/","url":"https:\/\/complejoairesdelmar.com.ar\/wp\/wp-content\/uploads\/2022\/01\/Logo-Aires-de-Mar_Mesa-de-trabajo-1-1.png","contentUrl":"https:\/\/complejoairesdelmar.com.ar\/wp\/wp-content\/uploads\/2022\/01\/Logo-Aires-de-Mar_Mesa-de-trabajo-1-1.png","width":512,"height":201,"caption":"Complejo Aires del Mar - Alquiler Temporario Puerto Madryn - Chubut - Patagonia Argentina"},"image":{"@id":"https:\/\/complejoairesdelmar.com.ar\/#\/schema\/logo\/image\/"},"sameAs":["https:\/\/www.facebook.com\/AiresdelMar"]}]}},"_links":{"self":[{"href":"https:\/\/complejoairesdelmar.com.ar\/en\/wp-json\/wp\/v2\/pages\/1007","targetHints":{"allow":["GET"]}}],"collection":[{"href":"https:\/\/complejoairesdelmar.com.ar\/en\/wp-json\/wp\/v2\/pages"}],"about":[{"href":"https:\/\/complejoairesdelmar.com.ar\/en\/wp-json\/wp\/v2\/types\/page"}],"author":[{"embeddable":true,"href":"https:\/\/complejoairesdelmar.com.ar\/en\/wp-json\/wp\/v2\/users\/1"}],"replies":[{"embeddable":true,"href":"https:\/\/complejoairesdelmar.com.ar\/en\/wp-json\/wp\/v2\/comments?post=1007"}],"version-history":[{"count":25,"href":"https:\/\/complejoairesdelmar.com.ar\/en\/wp-json\/wp\/v2\/pages\/1007\/revisions"}],"predecessor-version":[{"id":1032,"href":"https:\/\/complejoairesdelmar.com.ar\/en\/wp-json\/wp\/v2\/pages\/1007\/revisions\/1032"}],"wp:attachment":[{"href":"https:\/\/complejoairesdelmar.com.ar\/en\/wp-json\/wp\/v2\/media?parent=1007"}],"curies":[{"name":"wp","href":"https:\/\/api.w.org\/{rel}","templated":true}]}}